{"id":2374,"date":"2016-11-23T15:22:56","date_gmt":"2016-11-23T15:22:56","guid":{"rendered":"http:\/\/www.alexandramay.co.uk\/author\/?page_id=2374"},"modified":"2018-11-06T20:05:08","modified_gmt":"2018-11-06T20:05:08","slug":"ethandun","status":"publish","type":"page","link":"http:\/\/www.alexandramay.co.uk\/author\/alexandra-may-books\/ethandun\/","title":{"rendered":"LDF: Ethandun"},"content":{"rendered":"<h2 style=\"text-align: center;\"><strong>At Ethandun a new hero will rise&#8230;<\/strong><\/h2>\n<p style=\"text-align: center;\"><a href=\"http:\/\/smarturl.it\/GoodEthan\"><img loading=\"lazy\" decoding=\"async\" class=\"aligncenter wp-image-2398 size-full\" src=\"http:\/\/www.alexandramay.co.uk\/author\/wp-content\/uploads\/2016\/11\/Ethandun_Alexandra-May-400x600.jpg\" width=\"400\" height=\"600\" \/><\/a><\/p>\n<p style=\"text-align: center;\"><strong><a href=\"http:\/\/www.alexandramay.co.uk\/author\/buy-books\/\">ORDER<\/a><\/strong><\/p>\n<div id=\"gr_add_to_books\">\n<div class=\"gr_custom_each_container_\"><a style=\"border: none;\" href=\"https:\/\/www.goodreads.com\/book\/show\/17881504-ethandun\" target=\"_blank\" rel=\"noopener\"><img decoding=\"async\" class=\"aligncenter\" src=\"https:\/\/www.goodreads.com\/images\/atmb_add_book-70x25.png\" alt=\"Ethandun (The Lost Dacom\u00e9 Files #2)\" \/><\/a><\/div>\n<\/div>\n<h2 style=\"text-align: left;\">Description:<\/h2>\n<p style=\"text-align: left;\"><em>I am Stone. I am Iron. I am Oak.<\/em><\/p>\n<p style=\"text-align: left;\">Lord Tristan Dracanburh has a secret. A secret nobody knows except his family and his teacher, Hal\u00edka Dacom\u00e9. A secret he&#8217;s kept hidden but one that could get him killed if discovered.<\/p>\n<p style=\"text-align: left;\">The year is A.D. 878. Danes rule the great Kingdoms of Northumbria, East Anglia and Mercia. The only great Kingdom left in the way of a new Scandinavian Empire\u2014and ruled by Tristan\u2019s father\u2014is Wessex.<\/p>\n<p style=\"text-align: left;\">On the eve of the battle of Ethandun, Hal\u00edka Dacom\u00e9 and Lord Tristan capture a Danish spy by using Tristan&#8217;s unique gift. The spy discloses details of a plot to kill Hal\u00edka Dacom\u00e9 and her unborn child. Ner\u00eddo Xipil\u00e9 and his army of nine hundred Kievan Rus&#8217; elves have joined the warlord Guthrum&#8217;s armies to eliminate the Dacom\u00e9 bloodline for eternity. Hal\u00edka Dacom\u00e9 must die before the Danes can rule Britain.<\/p>\n<p style=\"text-align: left;\">Now Lord Tristan and Hal\u00edka Dacom\u00e9 with the King&#8217;s help have only a few hours before their dawn battle march to thwart their opponent\u2019s plans. Lord Tristan must decide if he\u2019s willing to expose his secret to secure the Danes defeat and win Wessex back.<\/p>\n<p style=\"text-align: left;\">The cost will be higher than anyone can imagine.<\/p>\n<p style=\"text-align: left;\"><strong>Ethandun is a thrilling tale of love, friendship and the joys and sorrow of war mixed with a glimmer of fae and druid intrigue. A must read for followers of the Lost Dacom\u00e9 Files and the Primord series.<\/strong><\/p>\n<h2 style=\"text-align: left;\">What&#8217;s Ethandun really about?<\/h2>\n<p>Ethandun is a fairytale retelling of the battle of Ethandun, which happened in southern England many, many years ago. When the Danes took over most of Europe and most of England (as it was then) only one King stood up to them and won. This is the story told from his son&#8217;s point of view.<\/p>\n<p>Do you like battles, dragons, druids, fae and magic? Then you&#8217;ll love the story of Lord Tristan Dracanburh &#8211; the last of the Hy-Brasil druids who also has a\u00a0well-known father.<\/p>\n<p style=\"text-align: center;\">~~~~~~<\/p>\n<p><a href=\"http:\/\/smarturl.it\/GoodEthan\"><img loading=\"lazy\" decoding=\"async\" class=\"aligncenter wp-image-2375 size-medium\" title=\"Alexandra May Ltd 2016\" src=\"http:\/\/www.alexandramay.co.uk\/author\/wp-content\/uploads\/2016\/11\/Triangle-Image-Bronze-300x300.jpg\" width=\"300\" height=\"300\" srcset=\"http:\/\/www.alexandramay.co.uk\/author\/wp-content\/uploads\/2016\/11\/Triangle-Image-Bronze-300x300.jpg 300w, http:\/\/www.alexandramay.co.uk\/author\/wp-content\/uploads\/2016\/11\/Triangle-Image-Bronze-150x150.jpg 150w, http:\/\/www.alexandramay.co.uk\/author\/wp-content\/uploads\/2016\/11\/Triangle-Image-Bronze-768x768.jpg 768w, http:\/\/www.alexandramay.co.uk\/author\/wp-content\/uploads\/2016\/11\/Triangle-Image-Bronze-1024x1024.jpg 1024w, http:\/\/www.alexandramay.co.uk\/author\/wp-content\/uploads\/2016\/11\/Triangle-Image-Bronze-250x250.jpg 250w, http:\/\/www.alexandramay.co.uk\/author\/wp-content\/uploads\/2016\/11\/Triangle-Image-Bronze.jpg 1400w\" sizes=\"auto, (max-width: 300px) 100vw, 300px\" \/><\/a><\/p>\n<h3 style=\"text-align: center;\">Alms &#8211; Trust &#8211; Klarity<\/h3>\n<p style=\"text-align: center;\">&#8220;There is no greater will on earth than the will to survive.&#8221;<\/p>\n<p style=\"text-align: center;\"><em>\u00a0&#8211; Lord Tristan Dracanburh,\u00a0<\/em><em>Wessex, A. D. 878\u00a0<\/em><\/p>\n<p style=\"text-align: center;\">~~<\/p>\n<p style=\"text-align: center;\"><a href=\"https:\/\/www.goodreads.com\/author\/show\/5041905.Alexandra_May\" target=\"_blank\" rel=\"noopener\"><img loading=\"lazy\" decoding=\"async\" class=\"aligncenter wp-image-2649 size-full\" src=\"http:\/\/www.alexandramay.co.uk\/author\/wp-content\/uploads\/2011\/08\/GoodreadsFollow.jpg\" alt=\"\" width=\"576\" height=\"288\" srcset=\"http:\/\/www.alexandramay.co.uk\/author\/wp-content\/uploads\/2011\/08\/GoodreadsFollow.jpg 576w, http:\/\/www.alexandramay.co.uk\/author\/wp-content\/uploads\/2011\/08\/GoodreadsFollow-300x150.jpg 300w\" sizes=\"auto, (max-width: 576px) 100vw, 576px\" \/><\/a><\/p>\n","protected":false},"excerpt":{"rendered":"<p>At Ethandun a new hero will rise&#8230; ORDER Description: I am Stone. I am Iron. I am Oak. Lord Tristan Dracanburh has a secret. A secret nobody knows except his family and his teacher, Hal\u00edka Dacom\u00e9. A secret he&#8217;s kept<a href=\"http:\/\/www.alexandramay.co.uk\/author\/alexandra-may-books\/ethandun\/\" class=\"more-link\">(more&#8230;)<\/a><\/p>\n","protected":false},"author":1,"featured_media":0,"parent":1334,"menu_order":5,"comment_status":"open","ping_status":"closed","template":"","meta":{"footnotes":""},"class_list":["post-2374","page","type-page","status-publish","hentry"],"_links":{"self":[{"href":"http:\/\/www.alexandramay.co.uk\/author\/wp-json\/wp\/v2\/pages\/2374","targetHints":{"allow":["GET"]}}],"collection":[{"href":"http:\/\/www.alexandramay.co.uk\/author\/wp-json\/wp\/v2\/pages"}],"about":[{"href":"http:\/\/www.alexandramay.co.uk\/author\/wp-json\/wp\/v2\/types\/page"}],"author":[{"embeddable":true,"href":"http:\/\/www.alexandramay.co.uk\/author\/wp-json\/wp\/v2\/users\/1"}],"replies":[{"embeddable":true,"href":"http:\/\/www.alexandramay.co.uk\/author\/wp-json\/wp\/v2\/comments?post=2374"}],"version-history":[{"count":41,"href":"http:\/\/www.alexandramay.co.uk\/author\/wp-json\/wp\/v2\/pages\/2374\/revisions"}],"predecessor-version":[{"id":2758,"href":"http:\/\/www.alexandramay.co.uk\/author\/wp-json\/wp\/v2\/pages\/2374\/revisions\/2758"}],"up":[{"embeddable":true,"href":"http:\/\/www.alexandramay.co.uk\/author\/wp-json\/wp\/v2\/pages\/1334"}],"wp:attachment":[{"href":"http:\/\/www.alexandramay.co.uk\/author\/wp-json\/wp\/v2\/media?parent=2374"}],"curies":[{"name":"wp","href":"https:\/\/api.w.org\/{rel}","templated":true}]}}