{"id":822,"date":"2012-11-25T22:38:21","date_gmt":"2012-11-25T22:38:21","guid":{"rendered":"http:\/\/www.alexandramay.co.uk\/author\/?page_id=822"},"modified":"2017-01-22T11:40:04","modified_gmt":"2017-01-22T11:40:04","slug":"chapter-one-dawn","status":"publish","type":"page","link":"http:\/\/www.alexandramay.co.uk\/author\/alexandra-may-books\/the-battle-for-arcanon-major\/chapter-one-dawn\/","title":{"rendered":"Chapter One &#8211; Dawn"},"content":{"rendered":"<p style=\"text-align: justify;\">\u201cBlink.\u201d<\/p>\n<p style=\"text-align: justify;\" align=\"justify\">\u201cWhat?\u201d<\/p>\n<p style=\"text-align: justify;\" align=\"justify\">\u201cYou never blink.\u201d<\/p>\n<p style=\"text-align: justify;\" align=\"justify\">\u201cI can\u2019t afford to blink, I might miss something.\u201d<\/p>\n<p style=\"text-align: justify;\" align=\"justify\">Jerik scratched his stubbly chin. \u201cThat\u2019s not true and you know it. This breeze\u2019ll dry out your eyes the more you stare, that\u2019s all.\u201d<\/p>\n<p style=\"text-align: justify;\" align=\"justify\">I swept my copper hair off my shoulder and glanced momentarily at my brother. Jerik Dacom\u00e9 was seven years my junior. Much to his dismay he spent most of his time kept away from the heavy action\u2014for good reason. Being here on this embankment was a novelty for him. For me it was an everyday routine.<\/p>\n<p style=\"text-align: justify;\" align=\"justify\">As the brisk morning wind flicked at our hair, it was hard to believe how much he\u2019d grown up since joining the 5th Legion only a year ago. He was no longer the small boy I wanted to shield from danger. He was almost my height, and almost a man.<\/p>\n<p style=\"text-align: justify;\" align=\"justify\">A sudden gust pushed a stray lock across his black eyelashes hiding emerald eyes, so like my own. With confident grace, he secured it back into its tidy leather thong.<\/p>\n<p style=\"text-align: justify;\" align=\"justify\">\u201cLittle brother, you fuss too much. Are you so keen to get back to the 5th Corridor?\u201d I said sarcastically and smirked. \u201cI\u2019ll have Orel\u00edan drag you back, you know I will.\u201d<\/p>\n<p style=\"text-align: justify;\" align=\"justify\">\u201cAll I\u2019m saying is that you\u2019ll damage your lenses. This dust and sand gets everywhere. I\u2019m just looking out for you.\u201d He let out a deep sigh, defeated, not catching the wit in my voice.<\/p>\n<p style=\"text-align: justify;\" align=\"justify\">\u201cMy lenses are fine. Stop worrying. Anyway, there\u2019s nothing to see yet. But I must remain vigilant, Jerik. The Primords will be on us sooner than I\u2019d like. I have to be ready the moment they appear.\u201d Guilt was an emotion I wasn\u2019t used to but I was aware that I\u2019d stamped on his feelings. \u201cI\u2019m used to this. This is what I do,\u201d I said softly.<\/p>\n<p style=\"text-align: justify;\" align=\"justify\">\u201cSorry, Hally,\u201d he shrugged absently. His courage made me laugh. Nobody was allowed to call me<em> Hally<\/em> but him. \u201cYou know I meant no disrespect.\u201d<\/p>\n<p style=\"text-align: justify;\" align=\"justify\">Sniffing into the air and smelling nothing out of the ordinary, I smiled broadly. \u201cDon\u2019t be sorry. It\u2019s nice knowing you care,\u201d I whispered back.<\/p>\n<p style=\"text-align: justify;\" align=\"justify\">At last Jerik\u2019s face lifted into a tender smile. A smile that was meant only for me.<\/p>\n<p style=\"text-align: justify;\" align=\"justify\">I am Hal\u00edka Dacom\u00e9, daughter of Cap\u00edok and Al\u00edanka Dacom\u00e9 (now deceased) and sister to Jerik Dacom\u00e9.<\/p>\n<p style=\"text-align: justify;\" align=\"justify\">My name was a court title in itself. The last name Dacom\u00e9 signified the royal bloodline. We had no use for standard royalty titles as the other planets in our alliance used. Dacom\u00e9 names were created to be spoken together\u2014Hal\u00edka Dacom\u00e9\u2014reverently and respectfully. First names only were considered the worst condescension and carried a heavy penalty for disloyalty to the Crown.<\/p>\n<p style=\"text-align: justify;\" align=\"justify\">If Jerik had called me <em>Hally<\/em> when my father was around, the boy would\u2019ve been flogged for betraying the royal code. I allowed a few close friends to call me diminutives but they were careful enough to use it when my father or any other dignitary was out of earshot. Personally, I disliked the royal code and its pointless rules. It wasn\u2019t as if someone had stolen anything, or hurt anyone intentionally. Still, I had to lead by example. And until my father relinquished his throne, the rule stood.<\/p>\n<p style=\"text-align: justify;\" align=\"justify\">As daughter of our ruler, I grew up in the crossfire of an ongoing war. As a young child I would sit on my mother\u2019s knee, watching the Skeptics debate in the War Rooms. From the age of four and encouraged by my mother, instead of playing with ribbons and posies like the other girls of nobility, I eagerly grasped a sword, knife, or glaive in one hand, a shield in the other. By choice, the art of weaponry and warfare was my only schooling. Until I was old enough for the real thing. All I\u2019d ever wanted to be was a great warrior, to ultimately lead my people into victorious battles.<\/p>\n<p style=\"text-align: justify;\" align=\"justify\">On my sixteenth birthday and now considered an adult, I was granted my greatest wish. By order of the Arcan, the most senior Council of the City and as a birthday gift from my father, I was given absolute authority over the Arcanon army.<\/p>\n<p style=\"text-align: justify;\" align=\"justify\">In my new role as Legion Overlord, the captains and soldiers soon learned to trust my natural instincts and skill. Even the old-timers, those of the Old Elite who\u2019d seen more wars than most. The mantle of being the youngest ever Overlord, and a woman, had been a heavy one in the beginning.<\/p>\n<p style=\"text-align: justify;\" align=\"justify\">But war was never over, merely an ever-changing, evolutionary cycle. Like the ebb and flow of a tide. Never the same a second time.<\/p>\n<p style=\"text-align: justify;\" align=\"justify\">An end to this war was long overdue and I craved something I had never known with all my heart.<\/p>\n<p style=\"text-align: justify;\" align=\"justify\">Peace.<\/p>\n<p style=\"text-align: justify;\" align=\"justify\">My father finally saw his great reign as a failure when we lost the other Xiryathon cities one by one. The Primords had overtaken and assumed control easily. The loss of our people living in those cities was devastating. Cap\u00edok Dacom\u00e9 was more broken now than he had ever been. He no longer had the luxury of his people\u2019s confidence and his authority was growing weaker every day. He kept himself isolated in the palace, rarely seeing Xiryathon\u2019s one last stronghold with his own eyes, too scared to be amongst the people he ruled. To him, he would lose nothing because he had nothing to lose anymore.<\/p>\n<p style=\"text-align: justify;\" align=\"justify\">I missed my mother more than anything. Her kindness and strength, her optimism and infallible faith in me. Her death, at Jerik\u2019s birth, had maimed me like nothing ever had. When my father laid his eyes on me, I knew he saw a replication of her, and he disliked me for that reason. His relationship with Jerik had always been strained. Whether blame was behind my father\u2019s reserve, I wasn\u2019t sure, but both Jerik and I remained dutiful. We were both taught from a young age that a kingdom is not just a king. A kingdom is the people, and they needed our strength to guide them through these dark days.<\/p>\n<p style=\"text-align: justify;\" align=\"justify\">The people only had faith in one person now: me. I led my soldiers into battle again and again. Yes, soldiers died and there was no going back from that. But every battle we won, the people\u2019s hope lifted. I saw it in their eyes when I walked through the city streets. They still clung to a sliver of hope and while they held it in their hearts, I did my best every day not to let them down. We could not lose hope; it was all we had left.<\/p>\n<p style=\"text-align: justify;\" align=\"justify\">In reality, I had lost more hope than most. In a way, I had lost who I really was.<\/p>\n<p style=\"text-align: justify;\" align=\"justify\">Underneath my toughened and proud exterior, I mourned greatly when my colleagues, friends, and allies were cut down in a fight. All were exceptional men and women who I would miss. The years of war had made me resilient to the misery and suffering that went hand in hand with battle, but my stonelike manner made people who didn\u2019t know me well uneasy. That\u2019s what it took to be an Overlord.<\/p>\n<p style=\"text-align: justify;\" align=\"justify\">The soldiers who fought for me would never dare call me anything but my full name.<\/p>\n<p style=\"text-align: center;\" align=\"justify\">~~<\/p>\n<p align=\"justify\">Continue Reading?<\/p>\n<p align=\"justify\"><a href=\"http:\/\/www.alexandramay.co.uk\/author\/buy-books\/\" target=\"_blank\">Buy the book<\/a><\/p>\n<p>&nbsp;<\/p>\n<p><strong>All rights reserved, including the right of reproduction in whole or in part in any form.<\/strong><\/p>\n<p><strong>\u00a9 Alexandra May 2013<\/strong><\/p>\n","protected":false},"excerpt":{"rendered":"<p>\u201cBlink.\u201d \u201cWhat?\u201d \u201cYou never blink.\u201d \u201cI can\u2019t afford to blink, I might miss something.\u201d Jerik scratched his stubbly chin. \u201cThat\u2019s not true and you know it. This breeze\u2019ll dry out your eyes the more you stare, that\u2019s all.\u201d I swept<a href=\"http:\/\/www.alexandramay.co.uk\/author\/alexandra-may-books\/the-battle-for-arcanon-major\/chapter-one-dawn\/\" class=\"more-link\">(more&#8230;)<\/a><\/p>\n","protected":false},"author":1,"featured_media":0,"parent":1116,"menu_order":5,"comment_status":"open","ping_status":"closed","template":"","meta":{"footnotes":""},"class_list":["post-822","page","type-page","status-publish","hentry"],"_links":{"self":[{"href":"http:\/\/www.alexandramay.co.uk\/author\/wp-json\/wp\/v2\/pages\/822","targetHints":{"allow":["GET"]}}],"collection":[{"href":"http:\/\/www.alexandramay.co.uk\/author\/wp-json\/wp\/v2\/pages"}],"about":[{"href":"http:\/\/www.alexandramay.co.uk\/author\/wp-json\/wp\/v2\/types\/page"}],"author":[{"embeddable":true,"href":"http:\/\/www.alexandramay.co.uk\/author\/wp-json\/wp\/v2\/users\/1"}],"replies":[{"embeddable":true,"href":"http:\/\/www.alexandramay.co.uk\/author\/wp-json\/wp\/v2\/comments?post=822"}],"version-history":[{"count":19,"href":"http:\/\/www.alexandramay.co.uk\/author\/wp-json\/wp\/v2\/pages\/822\/revisions"}],"predecessor-version":[{"id":2460,"href":"http:\/\/www.alexandramay.co.uk\/author\/wp-json\/wp\/v2\/pages\/822\/revisions\/2460"}],"up":[{"embeddable":true,"href":"http:\/\/www.alexandramay.co.uk\/author\/wp-json\/wp\/v2\/pages\/1116"}],"wp:attachment":[{"href":"http:\/\/www.alexandramay.co.uk\/author\/wp-json\/wp\/v2\/media?parent=822"}],"curies":[{"name":"wp","href":"https:\/\/api.w.org\/{rel}","templated":true}]}}